{"id":1369,"date":"2021-11-04T11:10:29","date_gmt":"2021-11-04T10:10:29","guid":{"rendered":"https:\/\/coloe.fr\/bibliothequeSonore\/?page_id=1369"},"modified":"2021-11-04T11:12:28","modified_gmt":"2021-11-04T10:12:28","slug":"la-voix","status":"publish","type":"page","link":"https:\/\/coloe.fr\/bibliothequeSonore\/","title":{"rendered":"La Voix"},"content":{"rendered":"\n<p>Les changements des modes de vie, l\u2019invasion des \u00e9crans (t\u00e9l\u00e9vision, ordinateur, smartphone, tablette), l\u2019apport de technologies (microphone, amplificateur) modifient nos pratiques langagi\u00e8res : nous avons moins besoin de porter loin la voix pour nous faire entendre, nous pratiquons moins les activit\u00e9s langagi\u00e8res sonores au profit d\u2019une sur-consommation du visuel. Et pourtant, le langage oral est notre pratique quotidienne ; certains sont m\u00eame dans la n\u00e9cessit\u00e9 d\u2019utiliser tr\u00e8s fr\u00e9quemment l\u2019oral dans leur vie professionnelle (m\u00e9tiers en relation avec un usager, un client, un patient, un \u00e9l\u00e8ve).<\/p>\n\n\n\n<p>Les activit\u00e9s langagi\u00e8res orales sont une des caract\u00e9ristiques de notre humanit\u00e9 ; elles sont pratiques, car elles sont \u00ab incorpor\u00e9es \u00bb en chacun de nous ; elles sont donc \u00e0 la fois collectives (nous parlons une m\u00eame langue) et singuli\u00e8res (nous parlons avec notre corps). Mais ces activit\u00e9s r\u00e9sultent de la mise en place de gestes vocaux extr\u00eamement complexes et d\u2019une adaptation \u00e0 autrui gr\u00e2ce au d\u00e9veloppement d\u2019une attention conjointe. Autant l\u2019appropriation du langage chez l\u2019enfant est l\u2019objet encore aujourd\u2019hui d\u2019une grande mobilisation culturelle et soci\u00e9tale, autant cette appropriation n\u2019est pas clairement pens\u00e9e dans le cadre professionnel. Or, parler en conscience est une aide significative pour viser une efficacit\u00e9 communicationnelle.<\/p>\n\n\n\n<p>Nous devons ainsi nous pr\u00e9occuper :<\/p>\n\n\n\n<ul><li>de la gestion de la respiration<\/li><li>des gestes vocaux \u00e0 r\u00e9aliser<\/li><li>de la coordination des mots et des phrases dans un sch\u00e9ma m\u00e9lodique<\/li><li>des fonctions du langage<\/li><li>des registres \u00e0 utiliser<\/li><li>du genre communicationnel dans lequel il s\u2019inscrit<\/li><li>de la vis\u00e9e du propos \u00e0 r\u00e9aliser<\/li><\/ul>\n\n\n\n<h2>L\u2019oral dans la vie professionnelle<\/h2>\n\n\n\n<p>Lorsque l\u2019oral est un geste professionnel, il doit viser l\u2019efficacit\u00e9 : il doit refl\u00e9ter l\u2019engagement physique de la personne dans son propos. Pour cela, le recul r\u00e9flexif du locuteur sur ses activit\u00e9s langagi\u00e8res est un des moyens pour anticiper et adapter le propos \u00e0 la situation et aux auditeurs.<\/p>\n\n\n\n<p>\u00catre capable d\u2019adapter sa pratique langagi\u00e8re aux situations les plus diverses est un savoir-faire de haut niveau qui s\u2019apprend. Cela passe par l\u2019analyse outill\u00e9e des t\u00e2ches \u00e0 produire et par l\u2019entra\u00eenement guid\u00e9. C\u2019est exactement la m\u00eame chose qu\u2019en \u00e9crit professionnel, car dans les deux cas, c\u2019est une affaire de langage. Une des grandes diff\u00e9rences n\u00e9anmoins dans l\u2019oral professionnel est le fait que les gestes vocaux mis en mouvement pour parler demeurent peu visibles.<\/p>\n","protected":false},"excerpt":{"rendered":"<p>Les changements des modes de vie, l\u2019invasion des \u00e9crans (t\u00e9l\u00e9vision, ordinateur, smartphone, tablette), l\u2019apport de technologies (microphone, amplificateur) modifient nos pratiques langagi\u00e8res : nous avons moins besoin de porter loin la voix pour nous faire entendre, nous pratiquons moins les activit\u00e9s langagi\u00e8res sonores au profit d\u2019une sur-consommation du visuel. Et pourtant, le langage oral est notre pratique quotidienne ; certains<\/p>\n<p><a class=\"more-link\" href=\"https:\/\/coloe.fr\/bibliothequeSonore\/\">Read More<\/a><\/p>\n","protected":false},"author":1,"featured_media":0,"parent":0,"menu_order":0,"comment_status":"closed","ping_status":"closed","template":"","meta":{"_eb_attr":""},"_links":{"self":[{"href":"https:\/\/coloe.fr\/bibliothequeSonore\/wp-json\/wp\/v2\/pages\/1369"}],"collection":[{"href":"https:\/\/coloe.fr\/bibliothequeSonore\/wp-json\/wp\/v2\/pages"}],"about":[{"href":"https:\/\/coloe.fr\/bibliothequeSonore\/wp-json\/wp\/v2\/types\/page"}],"author":[{"embeddable":true,"href":"https:\/\/coloe.fr\/bibliothequeSonore\/wp-json\/wp\/v2\/users\/1"}],"replies":[{"embeddable":true,"href":"https:\/\/coloe.fr\/bibliothequeSonore\/wp-json\/wp\/v2\/comments?post=1369"}],"version-history":[{"count":3,"href":"https:\/\/coloe.fr\/bibliothequeSonore\/wp-json\/wp\/v2\/pages\/1369\/revisions"}],"predecessor-version":[{"id":1381,"href":"https:\/\/coloe.fr\/bibliothequeSonore\/wp-json\/wp\/v2\/pages\/1369\/revisions\/1381"}],"wp:attachment":[{"href":"https:\/\/coloe.fr\/bibliothequeSonore\/wp-json\/wp\/v2\/media?parent=1369"}],"curies":[{"name":"wp","href":"https:\/\/api.w.org\/{rel}","templated":true}]}}