{"id":55,"date":"2020-09-04T18:23:41","date_gmt":"2020-09-04T16:23:41","guid":{"rendered":"https:\/\/coloe.fr\/bibliothequeSonore\/register\/"},"modified":"2020-12-11T17:04:10","modified_gmt":"2020-12-11T16:04:10","slug":"register","status":"publish","type":"page","link":"https:\/\/coloe.fr\/bibliothequeSonore\/register\/","title":{"rendered":"Inscription"},"content":{"rendered":"\n<h2>Pour qui ? Pourquoi ?<\/h2>\n\n\n\n<p><em>Les professionnels d\u00e9butants en chant lyrique et les \u00e9tudiants, amateurs de chant lyrique sont les deux publics vis\u00e9s en priorit\u00e9.<\/em><br>L\u2019objectif est de donner \u00e0 entendre des chanteurs lyriques, v\u00e9ritables mod\u00e8les vivants, pour que les apprenants se construisent progressivement des repr\u00e9sentations de ces voix chant\u00e9es. Qu\u2019ils puissent progressivement pratiquer en imitant. Pourquoi imiter\u00a0? Car en voix parl\u00e9e et en voix chant\u00e9e, tout est affaire d\u2019imitation de gestes vocaux.C\u2019est avec cette ambition que nous avons travaill\u00e9.<br>Cette biblioth\u00e8que sonore n\u2019a pas l\u2019ambition d\u2019\u00e9tablir un palmar\u00e8s (les 80 meilleurs chanteurs par exemple)\u00a0: elle donne juste \u00e0 entendre \u00ab\u00a0des voix lyriques\u00a0\u00bb pour aider le d\u00e9butant \u00e0 se construire des repr\u00e9sentations. Chaque chanteur \u00e0 \u00e9couter, dans la tessiture de sa voix, interpr\u00e8te un, deux, plusieurs chants. Chaque chanteur est unique, singulier\u00a0: il donne \u00e0 entendre une interpr\u00e9tation possible.<\/p>\n\n\n\n<p><br>Vous pouvez choisir d\u2019\u00e9couter les morceaux selon trois possibilit\u00e9s&nbsp;:<\/p>\n\n\n\n<p>\u2022 Selon le type de voix (soprano, mezzo-soprano, contre-t\u00e9nor, t\u00e9nor, baryton, basse)<\/p>\n\n\n\n<p>\u2022 Selon le compositeur<\/p>\n\n\n\n<p>\u2022 Selon le si\u00e8cle (entre le XVII\u00e8me et le XX\u00e8me si\u00e8cle)<\/p>\n\n\n\n<p>Bient\u00f4t viendra la possibilit\u00e9 de choisir selon le morceau d\u2019op\u00e9ra. Bonne visite et n\u2019h\u00e9sitez pas \u00e0 \u00e9couter, r\u00e9\u00e9couter le m\u00eame morceau\u00a0pour mieux incorporer les gestes vocaux \u00e0 r\u00e9aliser !<\/p>\n\n\n\n<p>L\u2019\u00e9quipe de Colo\u00e9<\/p>\n\n\n\n<h2 class=\"has-text-align-center\">Demande d&#8217;adh\u00e9sion<\/h2>\n\n\n\n<div class=\"um um-register um-5\">\n\n\t<div class=\"um-form\" data-mode=\"register\">\n\n\t\t<form method=\"post\" action=\"\">\n\n\t\t\t<div class=\"um-row _um_row_1 \" style=\"margin: 0 0 30px 0;\"><div class=\"um-col-1\"><div  id=\"um_field_5_user_login\" class=\"um-field um-field-text  um-field-user_login um-field-text um-field-type_text\" data-key=\"user_login\"><div class=\"um-field-label\"><label for=\"user_login-5\">Identifiant<\/label><div class=\"um-clear\"><\/div><\/div><div class=\"um-field-area\"><input  autocomplete=\"off\" class=\"um-form-field valid \" type=\"text\" name=\"user_login-5\" id=\"user_login-5\" value=\"\" placeholder=\"\" data-validate=\"unique_username\" data-key=\"user_login\" \/>\n\n\t\t\t\t\t\t<\/div><\/div><div  id=\"um_field_5_first_name\" class=\"um-field um-field-text  um-field-first_name um-field-text um-field-type_text\" data-key=\"first_name\"><div class=\"um-field-label\"><label for=\"first_name-5\">Pr\u00e9nom<\/label><div class=\"um-clear\"><\/div><\/div><div class=\"um-field-area\"><input  autocomplete=\"off\" class=\"um-form-field valid \" type=\"text\" name=\"first_name-5\" id=\"first_name-5\" value=\"\" placeholder=\"\" data-validate=\"\" data-key=\"first_name\" \/>\n\n\t\t\t\t\t\t<\/div><\/div><div  id=\"um_field_5_last_name\" class=\"um-field um-field-text  um-field-last_name um-field-text um-field-type_text\" data-key=\"last_name\"><div class=\"um-field-label\"><label for=\"last_name-5\">Nom<\/label><div class=\"um-clear\"><\/div><\/div><div class=\"um-field-area\"><input  autocomplete=\"off\" class=\"um-form-field valid \" type=\"text\" name=\"last_name-5\" id=\"last_name-5\" value=\"\" placeholder=\"\" data-validate=\"\" data-key=\"last_name\" \/>\n\n\t\t\t\t\t\t<\/div><\/div><div  id=\"um_field_5_user_email\" class=\"um-field um-field-text  um-field-user_email um-field-text um-field-type_text\" data-key=\"user_email\"><div class=\"um-field-label\"><label for=\"user_email-5\">Adresse e-mail<\/label><div class=\"um-clear\"><\/div><\/div><div class=\"um-field-area\"><input  autocomplete=\"off\" class=\"um-form-field valid \" type=\"text\" name=\"user_email-5\" id=\"user_email-5\" value=\"\" placeholder=\"\" data-validate=\"unique_email\" data-key=\"user_email\" \/>\n\n\t\t\t\t\t\t<\/div><\/div><div  id=\"um_field_5_user_password\" class=\"um-field um-field-password  um-field-user_password um-field-password um-field-type_password\" data-key=\"user_password\"><div class=\"um-field-label\"><label for=\"user_password-5\">Mot de passe<\/label><div class=\"um-clear\"><\/div><\/div><div class=\"um-field-area\"><input class=\"um-form-field valid \" type=\"password\" name=\"user_password-5\" id=\"user_password-5\" value=\"\" placeholder=\"\" data-validate=\"\" data-key=\"user_password\" \/>\n\n\t\t\t\t\t\t<\/div><\/div><div  id=\"um_field_5_confirm_user_password\" class=\"um-field um-field-password  um-field-user_password um-field-password um-field-type_password\" data-key=\"confirm_user_password\"><div class=\"um-field-label\"><label for=\"confirm_user_password-5\">Confirmer le Mot de passe<\/label><div class=\"um-clear\"><\/div><\/div><div class=\"um-field-area\"><input class=\"um-form-field valid \" type=\"password\" name=\"confirm_user_password-5\" id=\"confirm_user_password-5\" value=\"\" placeholder=\"Confirmer le Mot de passe\" data-validate=\"\" data-key=\"confirm_user_password\" \/><\/div><\/div><\/div><\/div>\t\t<input type=\"hidden\" name=\"form_id\" id=\"form_id_5\" value=\"5\" \/>\n\t\n\t<p class=\"um_request_name\">\n\t\t<label for=\"um_request_5\">Only fill in if you are not human<\/label>\n\t\t<input type=\"hidden\" name=\"um_request\" id=\"um_request_5\" class=\"input\" value=\"\" size=\"25\" autocomplete=\"off\" \/>\n\t<\/p>\n\n\t<input type=\"hidden\" id=\"_wpnonce\" name=\"_wpnonce\" value=\"c5d4c96482\" \/><input type=\"hidden\" name=\"_wp_http_referer\" value=\"\/bibliothequeSonore\/wp-json\/wp\/v2\/pages\/55\" \/>\n\t<div class=\"um-col-alt\">\n\n\t\t\n\t\t\t<div class=\"um-left um-half\">\n\t\t\t\t<input type=\"submit\" value=\"Inscription\" class=\"um-button\" id=\"um-submit-btn\" \/>\n\t\t\t<\/div>\n\t\t\t<div class=\"um-right um-half\">\n\t\t\t\t<a href=\"https:\/\/coloe.fr\/bibliothequeSonore\/login\/\" class=\"um-button um-alt\">\n\t\t\t\t\tConnexion\t\t\t\t<\/a>\n\t\t\t<\/div>\n\n\t\t\n\t\t<div class=\"um-clear\"><\/div>\n\n\t<\/div>\n\n\t\n\t\t<\/form>\n\n\t<\/div>\n\n<\/div>\n<style>\n\t\t\t.um-5.um {\n\t\t\tmax-width: 450px;\n\t\t}\n\t\t<\/style>\n","protected":false},"excerpt":{"rendered":"<p>Pour qui ? Pourquoi ? Les professionnels d\u00e9butants en chant lyrique et les \u00e9tudiants, amateurs de chant lyrique sont les deux publics vis\u00e9s en priorit\u00e9.L\u2019objectif est de donner \u00e0 entendre des chanteurs lyriques, v\u00e9ritables mod\u00e8les vivants, pour que les apprenants se construisent progressivement des repr\u00e9sentations de ces voix chant\u00e9es. Qu\u2019ils puissent progressivement pratiquer en imitant. Pourquoi imiter\u00a0? Car en voix<\/p>\n<p><a class=\"more-link\" href=\"https:\/\/coloe.fr\/bibliothequeSonore\/register\/\">Read More<\/a><\/p>\n","protected":false},"author":1,"featured_media":0,"parent":0,"menu_order":0,"comment_status":"closed","ping_status":"closed","template":"","meta":{"_eb_attr":""},"_links":{"self":[{"href":"https:\/\/coloe.fr\/bibliothequeSonore\/wp-json\/wp\/v2\/pages\/55"}],"collection":[{"href":"https:\/\/coloe.fr\/bibliothequeSonore\/wp-json\/wp\/v2\/pages"}],"about":[{"href":"https:\/\/coloe.fr\/bibliothequeSonore\/wp-json\/wp\/v2\/types\/page"}],"author":[{"embeddable":true,"href":"https:\/\/coloe.fr\/bibliothequeSonore\/wp-json\/wp\/v2\/users\/1"}],"replies":[{"embeddable":true,"href":"https:\/\/coloe.fr\/bibliothequeSonore\/wp-json\/wp\/v2\/comments?post=55"}],"version-history":[{"count":5,"href":"https:\/\/coloe.fr\/bibliothequeSonore\/wp-json\/wp\/v2\/pages\/55\/revisions"}],"predecessor-version":[{"id":1353,"href":"https:\/\/coloe.fr\/bibliothequeSonore\/wp-json\/wp\/v2\/pages\/55\/revisions\/1353"}],"wp:attachment":[{"href":"https:\/\/coloe.fr\/bibliothequeSonore\/wp-json\/wp\/v2\/media?parent=55"}],"curies":[{"name":"wp","href":"https:\/\/api.w.org\/{rel}","templated":true}]}}